{"id":140,"date":"2022-09-20T14:48:00","date_gmt":"2022-09-20T14:48:00","guid":{"rendered":"https:\/\/editoracorripio.com.do\/editoracorripio\/?page_id=140"},"modified":"2022-11-01T19:12:43","modified_gmt":"2022-11-01T19:12:43","slug":"nosotros","status":"publish","type":"page","link":"https:\/\/editoracorripio.com.do\/?page_id=140","title":{"rendered":"Nosotros"},"content":{"rendered":"\t\t<div data-elementor-type=\"wp-page\" data-elementor-id=\"140\" class=\"elementor elementor-140\" data-elementor-settings=\"{&quot;ha_cmc_init_switcher&quot;:&quot;no&quot;}\">\n\t\t\t\t\t\t<section class=\"elementor-section elementor-top-section elementor-element elementor-element-df28913 elementor-section-height-min-height elementor-section-boxed elementor-section-height-default elementor-section-items-middle\" data-id=\"df28913\" data-element_type=\"section\" data-settings=\"{&quot;jet_parallax_layout_list&quot;:[],&quot;background_background&quot;:&quot;classic&quot;,&quot;_ha_eqh_enable&quot;:false}\">\n\t\t\t\t\t\t\t<div class=\"elementor-background-overlay\"><\/div>\n\t\t\t\t\t\t\t<div class=\"elementor-container elementor-column-gap-default\">\n\t\t\t\t\t<div class=\"elementor-column elementor-col-100 elementor-top-column elementor-element elementor-element-353108f\" data-id=\"353108f\" data-element_type=\"column\">\n\t\t\t<div class=\"elementor-widget-wrap elementor-element-populated\">\n\t\t\t\t\t\t<div class=\"elementor-element elementor-element-7b4af92 elementor-widget elementor-widget-heading\" data-id=\"7b4af92\" data-element_type=\"widget\" data-widget_type=\"heading.default\">\n\t\t\t\t<div class=\"elementor-widget-container\">\n\t\t\t\t\t<h2 class=\"elementor-heading-title elementor-size-default\">Nosotros<\/h2>\t\t\t\t<\/div>\n\t\t\t\t<\/div>\n\t\t\t\t\t<\/div>\n\t\t<\/div>\n\t\t\t\t\t<\/div>\n\t\t<\/section>\n\t\t\t\t<section class=\"elementor-section elementor-top-section elementor-element elementor-element-e02c6ca elementor-section-height-min-height elementor-section-boxed elementor-section-height-default elementor-section-items-middle\" data-id=\"e02c6ca\" data-element_type=\"section\" data-settings=\"{&quot;jet_parallax_layout_list&quot;:[],&quot;background_background&quot;:&quot;classic&quot;,&quot;_ha_eqh_enable&quot;:false}\">\n\t\t\t\t\t\t\t<div class=\"elementor-background-overlay\"><\/div>\n\t\t\t\t\t\t\t<div class=\"elementor-container elementor-column-gap-default\">\n\t\t\t\t\t<div class=\"elementor-column elementor-col-50 elementor-top-column elementor-element elementor-element-44b98a1 elementor-hidden-mobile\" data-id=\"44b98a1\" data-element_type=\"column\">\n\t\t\t<div class=\"elementor-widget-wrap\">\n\t\t\t\t\t\t\t<\/div>\n\t\t<\/div>\n\t\t\t\t<div class=\"elementor-column elementor-col-50 elementor-top-column elementor-element elementor-element-ad138c1\" data-id=\"ad138c1\" data-element_type=\"column\">\n\t\t\t<div class=\"elementor-widget-wrap elementor-element-populated\">\n\t\t\t\t\t\t<div class=\"elementor-element elementor-element-da823c6 elementor-widget elementor-widget-heading\" data-id=\"da823c6\" data-element_type=\"widget\" data-widget_type=\"heading.default\">\n\t\t\t\t<div class=\"elementor-widget-container\">\n\t\t\t\t\t<h2 class=\"elementor-heading-title elementor-size-default\">\u00bfQui\u00e9nes Somos?<\/h2>\t\t\t\t<\/div>\n\t\t\t\t<\/div>\n\t\t\t\t<div class=\"elementor-element elementor-element-22a7d8a elementor-widget elementor-widget-text-editor\" data-id=\"22a7d8a\" data-element_type=\"widget\" data-widget_type=\"text-editor.default\">\n\t\t\t\t<div class=\"elementor-widget-container\">\n\t\t\t\t\t\t\t\t\t<p>Empresa fundada en el 1980 con m\u00e1s de 40 a\u00f1os de experiencia en la industria gr\u00e1fica. Perteneciente al Grupo Corripio, uno de los m\u00e1s destacados grupos empresariales del pa\u00eds, con m\u00e1s de 30 industrias en diferentes renglones. Nos caracterizamos por el firme compromiso de satisfacer la demanda de impresos en el pa\u00eds y en la regi\u00f3n del Caribe.<\/p><p>Desde su fundaci\u00f3n, Editora Corripio ha ido evolucionando hasta convertirse en lo que es hoy en d\u00eda una empresa consolidada dentro de la industria gr\u00e1fica y el n\u00famero uno en este regl\u00f3n por su vanguardia y tecnolog\u00eda.<\/p>\t\t\t\t\t\t\t\t<\/div>\n\t\t\t\t<\/div>\n\t\t\t\t\t<\/div>\n\t\t<\/div>\n\t\t\t\t\t<\/div>\n\t\t<\/section>\n\t\t\t\t<section class=\"elementor-section elementor-top-section elementor-element elementor-element-5d4d2d2 elementor-section-boxed elementor-section-height-default elementor-section-height-default\" data-id=\"5d4d2d2\" data-element_type=\"section\" data-settings=\"{&quot;jet_parallax_layout_list&quot;:[],&quot;background_background&quot;:&quot;classic&quot;,&quot;_ha_eqh_enable&quot;:false}\">\n\t\t\t\t\t\t<div class=\"elementor-container elementor-column-gap-default\">\n\t\t\t\t\t<div class=\"elementor-column elementor-col-100 elementor-top-column elementor-element elementor-element-fbd5bcc\" data-id=\"fbd5bcc\" data-element_type=\"column\">\n\t\t\t<div class=\"elementor-widget-wrap elementor-element-populated\">\n\t\t\t\t\t\t<div class=\"elementor-element elementor-element-bb1cfdc elementor-widget elementor-widget-heading\" data-id=\"bb1cfdc\" data-element_type=\"widget\" data-widget_type=\"heading.default\">\n\t\t\t\t<div class=\"elementor-widget-container\">\n\t\t\t\t\t<h2 class=\"elementor-heading-title elementor-size-default\">Nuestra Historia<\/h2>\t\t\t\t<\/div>\n\t\t\t\t<\/div>\n\t\t\t\t<div class=\"elementor-element elementor-element-f05711f elementor-widget elementor-widget-text-editor\" data-id=\"f05711f\" data-element_type=\"widget\" data-widget_type=\"text-editor.default\">\n\t\t\t\t<div class=\"elementor-widget-container\">\n\t\t\t\t\t\t\t\t\t<p>Editora Corripio es fundada en el a\u00f1o 1980, en la Zona Industrial de Herrera, Santo Domingo, Rep\u00fablica Dominicana.<\/p>\n<p>El concepto inicial era hacer libros de alta calidad para el mercado local y de exportaci\u00f3n. Para lograr este objetivo vino al pa\u00eds un reputado t\u00e9cnico espa\u00f1ol, el Sr. Manuel Pareja, quien ten\u00eda una empresa similar en la ciudad de Barcelona, Espa\u00f1a, donde se imprim\u00edan los libros de los m\u00e1s destacados autores de la Rep\u00fablica Dominicana.<\/p>\n<p>Como parte del proceso de convertirse en la empresa l\u00edder en su ramo, se adquirieron equipos de encuadernaci\u00f3n, siendo la primera empresa en tener un sistema autom\u00e1tico y nuevo para la encuadernaci\u00f3n de libros. Se compraron equipos computarizados para la composici\u00f3n y diagramaci\u00f3n de libros.<\/p>\n<p>Desde el principio se abri\u00f3 un gran mercado de libros tanto local como de exportaci\u00f3n a Puerto Rico, Miami y Nueva York.<\/p>\n<p>En el \u00ednterin, la empresa se expandi\u00f3 a todas las \u00e1reas de impresi\u00f3n y las artes gr\u00e1ficas, tales como libros, revistas, etiquetas, brochures, cuadernos escolares, resmas, impresi\u00f3n en plegadizos, etc.<\/p>\n<p>En la actualidad la empresa tiene un renovado parque de maquinarias de \u00faltima generaci\u00f3n para la realizaci\u00f3n de estos diversos tipos de trabajos.<\/p>\t\t\t\t\t\t\t\t<\/div>\n\t\t\t\t<\/div>\n\t\t\t\t\t<\/div>\n\t\t<\/div>\n\t\t\t\t\t<\/div>\n\t\t<\/section>\n\t\t\t\t<section class=\"elementor-section elementor-top-section elementor-element elementor-element-6a6cc65 elementor-section-boxed elementor-section-height-default elementor-section-height-default\" data-id=\"6a6cc65\" data-element_type=\"section\" data-settings=\"{&quot;jet_parallax_layout_list&quot;:[],&quot;background_background&quot;:&quot;classic&quot;,&quot;_ha_eqh_enable&quot;:false}\">\n\t\t\t\t\t\t\t<div class=\"elementor-background-overlay\"><\/div>\n\t\t\t\t\t\t\t<div class=\"elementor-container elementor-column-gap-default\">\n\t\t\t\t\t<div class=\"elementor-column elementor-col-100 elementor-top-column elementor-element elementor-element-8e2968a\" data-id=\"8e2968a\" data-element_type=\"column\">\n\t\t\t<div class=\"elementor-widget-wrap elementor-element-populated\">\n\t\t\t\t\t\t<section class=\"elementor-section elementor-inner-section elementor-element elementor-element-9ae6477 elementor-section-boxed elementor-section-height-default elementor-section-height-default\" data-id=\"9ae6477\" data-element_type=\"section\" data-settings=\"{&quot;jet_parallax_layout_list&quot;:[],&quot;_ha_eqh_enable&quot;:false}\">\n\t\t\t\t\t\t<div class=\"elementor-container elementor-column-gap-default\">\n\t\t\t\t\t<div class=\"elementor-column elementor-col-50 elementor-inner-column elementor-element elementor-element-f2dfc6b\" data-id=\"f2dfc6b\" data-element_type=\"column\">\n\t\t\t<div class=\"elementor-widget-wrap elementor-element-populated\">\n\t\t\t\t\t\t<div class=\"elementor-element elementor-element-aaf5288 elementor-widget elementor-widget-icon-box\" data-id=\"aaf5288\" data-element_type=\"widget\" data-widget_type=\"icon-box.default\">\n\t\t\t\t<div class=\"elementor-widget-container\">\n\t\t\t\t\t\t\t<div class=\"elementor-icon-box-wrapper\">\n\n\t\t\t\n\t\t\t\t\t\t<div class=\"elementor-icon-box-content\">\n\n\t\t\t\t\t\t\t\t\t<h3 class=\"elementor-icon-box-title\">\n\t\t\t\t\t\t<span  >\n\t\t\t\t\t\t\tMisi\u00f3n\t\t\t\t\t\t<\/span>\n\t\t\t\t\t<\/h3>\n\t\t\t\t\n\t\t\t\t\t\t\t\t\t<p class=\"elementor-icon-box-description\">\n\t\t\t\t\t\tBuscamos satisfacer la demanda de impresos a nivel nacional e internacional con el firme compromiso de proporcionar a nuestros clientes, un producto terminado con la m\u00e1s alta calidad del mercado, satisfacer siempre las necesidades, requerimientos, expectativas de los clientes, suministrando productos y servicios libres de defectos con vigoroso compromiso de proporcionar siempre los m\u00e1s altos est\u00e1ndares de calidad y profesionalismo.\t\t\t\t\t<\/p>\n\t\t\t\t\n\t\t\t<\/div>\n\t\t\t\n\t\t<\/div>\n\t\t\t\t\t\t<\/div>\n\t\t\t\t<\/div>\n\t\t\t\t\t<\/div>\n\t\t<\/div>\n\t\t\t\t<div class=\"elementor-column elementor-col-50 elementor-inner-column elementor-element elementor-element-1a614df\" data-id=\"1a614df\" data-element_type=\"column\">\n\t\t\t<div class=\"elementor-widget-wrap elementor-element-populated\">\n\t\t\t\t\t\t<div class=\"elementor-element elementor-element-ac70112 elementor-widget elementor-widget-icon-box\" data-id=\"ac70112\" data-element_type=\"widget\" data-widget_type=\"icon-box.default\">\n\t\t\t\t<div class=\"elementor-widget-container\">\n\t\t\t\t\t\t\t<div class=\"elementor-icon-box-wrapper\">\n\n\t\t\t\n\t\t\t\t\t\t<div class=\"elementor-icon-box-content\">\n\n\t\t\t\t\t\t\t\t\t<h3 class=\"elementor-icon-box-title\">\n\t\t\t\t\t\t<span  >\n\t\t\t\t\t\t\tVisi\u00f3n\t\t\t\t\t\t<\/span>\n\t\t\t\t\t<\/h3>\n\t\t\t\t\n\t\t\t\t\t\t\t\t\t<p class=\"elementor-icon-box-description\">\n\t\t\t\t\t\tSer una empresa fuertemente posicionada en el mercado, con una imagen que es sin\u00f3nimo de calidad y eficiencia, tal y como lo expresa nuestro slogan \u201cIMPRESI\u00d3N QUE PRESTIGIA AL PAIS\u201d.\n\t\t\t\t\t<\/p>\n\t\t\t\t\n\t\t\t<\/div>\n\t\t\t\n\t\t<\/div>\n\t\t\t\t\t\t<\/div>\n\t\t\t\t<\/div>\n\t\t\t\t\t<\/div>\n\t\t<\/div>\n\t\t\t\t\t<\/div>\n\t\t<\/section>\n\t\t\t\t<section class=\"elementor-section elementor-inner-section elementor-element elementor-element-6a39e75 elementor-section-boxed elementor-section-height-default elementor-section-height-default\" data-id=\"6a39e75\" data-element_type=\"section\" data-settings=\"{&quot;jet_parallax_layout_list&quot;:[],&quot;_ha_eqh_enable&quot;:false}\">\n\t\t\t\t\t\t<div class=\"elementor-container elementor-column-gap-default\">\n\t\t\t\t\t<div class=\"elementor-column elementor-col-100 elementor-inner-column elementor-element elementor-element-50b0d90\" data-id=\"50b0d90\" data-element_type=\"column\">\n\t\t\t<div class=\"elementor-widget-wrap elementor-element-populated\">\n\t\t\t\t\t\t<div class=\"elementor-element elementor-element-a2531f3 elementor-widget elementor-widget-icon-box\" data-id=\"a2531f3\" data-element_type=\"widget\" data-widget_type=\"icon-box.default\">\n\t\t\t\t<div class=\"elementor-widget-container\">\n\t\t\t\t\t\t\t<div class=\"elementor-icon-box-wrapper\">\n\n\t\t\t\n\t\t\t\t\t\t<div class=\"elementor-icon-box-content\">\n\n\t\t\t\t\t\t\t\t\t<h3 class=\"elementor-icon-box-title\">\n\t\t\t\t\t\t<span  >\n\t\t\t\t\t\t\tValores\t\t\t\t\t\t<\/span>\n\t\t\t\t\t<\/h3>\n\t\t\t\t\n\t\t\t\t\n\t\t\t<\/div>\n\t\t\t\n\t\t<\/div>\n\t\t\t\t\t\t<\/div>\n\t\t\t\t<\/div>\n\t\t\t\t<div class=\"elementor-element elementor-element-c6c21d2 elementor-widget elementor-widget-text-editor\" data-id=\"c6c21d2\" data-element_type=\"widget\" data-widget_type=\"text-editor.default\">\n\t\t\t\t<div class=\"elementor-widget-container\">\n\t\t\t\t\t\t\t\t\t<ul><li>Responsabilidad Social<\/li><li>Responsabilidad medioambiental<\/li><li>Colaboraci\u00f3n<\/li><li>Prudencia<\/li><li>Honestidad<\/li><li>Respeto por los clientes<\/li><li>Trabajo en equipo<\/li><li>Excelencia<\/li><li>Calidad Humana<\/li><li>Creatividad<\/li><\/ul>\t\t\t\t\t\t\t\t<\/div>\n\t\t\t\t<\/div>\n\t\t\t\t\t<\/div>\n\t\t<\/div>\n\t\t\t\t\t<\/div>\n\t\t<\/section>\n\t\t\t\t\t<\/div>\n\t\t<\/div>\n\t\t\t\t\t<\/div>\n\t\t<\/section>\n\t\t\t\t<\/div>\n\t\t","protected":false},"excerpt":{"rendered":"<p>Nosotros \u00bfQui\u00e9nes Somos? Empresa fundada en el 1980 con m\u00e1s de 40 a\u00f1os de experiencia en la industria gr\u00e1fica. Perteneciente al Grupo Corripio, uno de los m\u00e1s destacados grupos empresariales del pa\u00eds, con m\u00e1s de 30 industrias en diferentes renglones. Nos caracterizamos por el firme compromiso de satisfacer la demanda de impresos en el pa\u00eds [&hellip;]<\/p>\n","protected":false},"author":20,"featured_media":0,"parent":0,"menu_order":0,"comment_status":"closed","ping_status":"closed","template":"elementor_header_footer","meta":{"_monsterinsights_skip_tracking":false,"_monsterinsights_sitenote_active":false,"_monsterinsights_sitenote_note":"","_monsterinsights_sitenote_category":0,"footnotes":""},"yoast_head":"<!-- This site is optimized with the Yoast SEO plugin v24.2 - https:\/\/yoast.com\/wordpress\/plugins\/seo\/ -->\n<title>Nosotros - Editora Corripio, S.A.S<\/title>\n<meta name=\"robots\" content=\"index, follow, max-snippet:-1, max-image-preview:large, max-video-preview:-1\" \/>\n<link rel=\"canonical\" href=\"https:\/\/editoracorripio.com.do\/?page_id=140\" \/>\n<meta property=\"og:locale\" content=\"es_ES\" \/>\n<meta property=\"og:type\" content=\"article\" \/>\n<meta property=\"og:title\" content=\"Nosotros - Editora Corripio, S.A.S\" \/>\n<meta property=\"og:description\" content=\"Nosotros \u00bfQui\u00e9nes Somos? Empresa fundada en el 1980 con m\u00e1s de 40 a\u00f1os de experiencia en la industria gr\u00e1fica. Perteneciente al Grupo Corripio, uno de los m\u00e1s destacados grupos empresariales del pa\u00eds, con m\u00e1s de 30 industrias en diferentes renglones. Nos caracterizamos por el firme compromiso de satisfacer la demanda de impresos en el pa\u00eds [&hellip;]\" \/>\n<meta property=\"og:url\" content=\"https:\/\/editoracorripio.com.do\/?page_id=140\" \/>\n<meta property=\"og:site_name\" content=\"Editora Corripio, S.A.S\" \/>\n<meta property=\"article:modified_time\" content=\"2022-11-01T19:12:43+00:00\" \/>\n<meta name=\"twitter:card\" content=\"summary_large_image\" \/>\n<meta name=\"twitter:label1\" content=\"Tiempo de lectura\" \/>\n\t<meta name=\"twitter:data1\" content=\"2 minutos\" \/>\n<script type=\"application\/ld+json\" class=\"yoast-schema-graph\">{\"@context\":\"https:\/\/schema.org\",\"@graph\":[{\"@type\":\"WebPage\",\"@id\":\"https:\/\/editoracorripio.com.do\/?page_id=140\",\"url\":\"https:\/\/editoracorripio.com.do\/?page_id=140\",\"name\":\"Nosotros - Editora Corripio, S.A.S\",\"isPartOf\":{\"@id\":\"https:\/\/editoracorripio.com.do\/#website\"},\"datePublished\":\"2022-09-20T14:48:00+00:00\",\"dateModified\":\"2022-11-01T19:12:43+00:00\",\"breadcrumb\":{\"@id\":\"https:\/\/editoracorripio.com.do\/?page_id=140#breadcrumb\"},\"inLanguage\":\"es\",\"potentialAction\":[{\"@type\":\"ReadAction\",\"target\":[\"https:\/\/editoracorripio.com.do\/?page_id=140\"]}]},{\"@type\":\"BreadcrumbList\",\"@id\":\"https:\/\/editoracorripio.com.do\/?page_id=140#breadcrumb\",\"itemListElement\":[{\"@type\":\"ListItem\",\"position\":1,\"name\":\"Home\",\"item\":\"https:\/\/editoracorripio.com.do\/\"},{\"@type\":\"ListItem\",\"position\":2,\"name\":\"Nosotros\"}]},{\"@type\":\"WebSite\",\"@id\":\"https:\/\/editoracorripio.com.do\/#website\",\"url\":\"https:\/\/editoracorripio.com.do\/\",\"name\":\"Editora Corripio, S.A.S\",\"description\":\"\",\"potentialAction\":[{\"@type\":\"SearchAction\",\"target\":{\"@type\":\"EntryPoint\",\"urlTemplate\":\"https:\/\/editoracorripio.com.do\/?s={search_term_string}\"},\"query-input\":{\"@type\":\"PropertyValueSpecification\",\"valueRequired\":true,\"valueName\":\"search_term_string\"}}],\"inLanguage\":\"es\"}]}<\/script>\n<!-- \/ Yoast SEO plugin. -->","yoast_head_json":{"title":"Nosotros - Editora Corripio, S.A.S","robots":{"index":"index","follow":"follow","max-snippet":"max-snippet:-1","max-image-preview":"max-image-preview:large","max-video-preview":"max-video-preview:-1"},"canonical":"https:\/\/editoracorripio.com.do\/?page_id=140","og_locale":"es_ES","og_type":"article","og_title":"Nosotros - Editora Corripio, S.A.S","og_description":"Nosotros \u00bfQui\u00e9nes Somos? Empresa fundada en el 1980 con m\u00e1s de 40 a\u00f1os de experiencia en la industria gr\u00e1fica. Perteneciente al Grupo Corripio, uno de los m\u00e1s destacados grupos empresariales del pa\u00eds, con m\u00e1s de 30 industrias en diferentes renglones. Nos caracterizamos por el firme compromiso de satisfacer la demanda de impresos en el pa\u00eds [&hellip;]","og_url":"https:\/\/editoracorripio.com.do\/?page_id=140","og_site_name":"Editora Corripio, S.A.S","article_modified_time":"2022-11-01T19:12:43+00:00","twitter_card":"summary_large_image","twitter_misc":{"Tiempo de lectura":"2 minutos"},"schema":{"@context":"https:\/\/schema.org","@graph":[{"@type":"WebPage","@id":"https:\/\/editoracorripio.com.do\/?page_id=140","url":"https:\/\/editoracorripio.com.do\/?page_id=140","name":"Nosotros - Editora Corripio, S.A.S","isPartOf":{"@id":"https:\/\/editoracorripio.com.do\/#website"},"datePublished":"2022-09-20T14:48:00+00:00","dateModified":"2022-11-01T19:12:43+00:00","breadcrumb":{"@id":"https:\/\/editoracorripio.com.do\/?page_id=140#breadcrumb"},"inLanguage":"es","potentialAction":[{"@type":"ReadAction","target":["https:\/\/editoracorripio.com.do\/?page_id=140"]}]},{"@type":"BreadcrumbList","@id":"https:\/\/editoracorripio.com.do\/?page_id=140#breadcrumb","itemListElement":[{"@type":"ListItem","position":1,"name":"Home","item":"https:\/\/editoracorripio.com.do\/"},{"@type":"ListItem","position":2,"name":"Nosotros"}]},{"@type":"WebSite","@id":"https:\/\/editoracorripio.com.do\/#website","url":"https:\/\/editoracorripio.com.do\/","name":"Editora Corripio, S.A.S","description":"","potentialAction":[{"@type":"SearchAction","target":{"@type":"EntryPoint","urlTemplate":"https:\/\/editoracorripio.com.do\/?s={search_term_string}"},"query-input":{"@type":"PropertyValueSpecification","valueRequired":true,"valueName":"search_term_string"}}],"inLanguage":"es"}]}},"_links":{"self":[{"href":"https:\/\/editoracorripio.com.do\/index.php?rest_route=\/wp\/v2\/pages\/140"}],"collection":[{"href":"https:\/\/editoracorripio.com.do\/index.php?rest_route=\/wp\/v2\/pages"}],"about":[{"href":"https:\/\/editoracorripio.com.do\/index.php?rest_route=\/wp\/v2\/types\/page"}],"author":[{"embeddable":true,"href":"https:\/\/editoracorripio.com.do\/index.php?rest_route=\/wp\/v2\/users\/20"}],"replies":[{"embeddable":true,"href":"https:\/\/editoracorripio.com.do\/index.php?rest_route=%2Fwp%2Fv2%2Fcomments&post=140"}],"version-history":[{"count":0,"href":"https:\/\/editoracorripio.com.do\/index.php?rest_route=\/wp\/v2\/pages\/140\/revisions"}],"wp:attachment":[{"href":"https:\/\/editoracorripio.com.do\/index.php?rest_route=%2Fwp%2Fv2%2Fmedia&parent=140"}],"curies":[{"name":"wp","href":"https:\/\/api.w.org\/{rel}","templated":true}]}}