{"id":20,"date":"2022-08-02T13:20:11","date_gmt":"2022-08-02T13:20:11","guid":{"rendered":"https:\/\/editoracorripio.com.do\/editoracorripio\/?page_id=20"},"modified":"2022-11-01T19:10:41","modified_gmt":"2022-11-01T19:10:41","slug":"editoracorripio","status":"publish","type":"page","link":"https:\/\/editoracorripio.com.do\/","title":{"rendered":"Inicio"},"content":{"rendered":"\t\t<div data-elementor-type=\"wp-page\" data-elementor-id=\"20\" class=\"elementor elementor-20\" data-elementor-settings=\"{&quot;ha_cmc_init_switcher&quot;:&quot;no&quot;}\">\n\t\t\t\t\t\t<section class=\"elementor-section elementor-top-section elementor-element elementor-element-d2d9346 elementor-section-height-min-height elementor-section-boxed elementor-section-height-default elementor-section-items-middle\" data-id=\"d2d9346\" data-element_type=\"section\" data-settings=\"{&quot;jet_parallax_layout_list&quot;:[],&quot;background_background&quot;:&quot;classic&quot;,&quot;_ha_eqh_enable&quot;:false}\">\n\t\t\t\t\t\t<div class=\"elementor-container elementor-column-gap-default\">\n\t\t\t\t\t<div class=\"elementor-column elementor-col-50 elementor-top-column elementor-element elementor-element-f1f3634\" data-id=\"f1f3634\" data-element_type=\"column\" data-settings=\"{&quot;background_background&quot;:&quot;classic&quot;}\">\n\t\t\t<div class=\"elementor-widget-wrap elementor-element-populated\">\n\t\t\t\t\t\t<div class=\"elementor-element elementor-element-f95329b elementor-widget elementor-widget-heading\" data-id=\"f95329b\" data-element_type=\"widget\" data-widget_type=\"heading.default\">\n\t\t\t\t<div class=\"elementor-widget-container\">\n\t\t\t\t\t<h2 class=\"elementor-heading-title elementor-size-default\">Impresi\u00f3n que prestigia al pa\u00eds<\/h2>\t\t\t\t<\/div>\n\t\t\t\t<\/div>\n\t\t\t\t<div class=\"elementor-element elementor-element-69945ec elementor-widget elementor-widget-text-editor\" data-id=\"69945ec\" data-element_type=\"widget\" data-widget_type=\"text-editor.default\">\n\t\t\t\t<div class=\"elementor-widget-container\">\n\t\t\t\t\t\t\t\t\t<p>Es nuestro objetivo ser una empresa prestigiosa en su rama. Tener orgullo de nuestro trabajo y de nuestros clientes.<\/p>\t\t\t\t\t\t\t\t<\/div>\n\t\t\t\t<\/div>\n\t\t\t\t<div class=\"elementor-element elementor-element-a5ad086 elementor-widget elementor-widget-premium-addon-button\" data-id=\"a5ad086\" data-element_type=\"widget\" data-widget_type=\"premium-addon-button.default\">\n\t\t\t\t<div class=\"elementor-widget-container\">\n\t\t\t\t\t\n\n\t\t<a class=\"premium-button premium-button-style7 premium-btn-lg premium-button-style7-left\" href=\"https:\/\/editoracorripio.com.do\/?page_id=737\">\n\t\t\t<div class=\"premium-button-text-icon-wrapper\">\n\t\t\t\t\n\t\t\t\t\t\t\t\t\t<span >\n\t\t\t\t\t\tHaz tu cotizaci\u00f3n\t\t\t\t\t<\/span>\n\t\t\t\t\n\t\t\t\t\t\t\t<\/div>\n\n\t\t\t\n\t\t\t\n\t\t\t\n\t\t<\/a>\n\n\n\t\t\t\t\t\t<\/div>\n\t\t\t\t<\/div>\n\t\t\t\t\t<\/div>\n\t\t<\/div>\n\t\t\t\t<div class=\"elementor-column elementor-col-50 elementor-top-column elementor-element elementor-element-318fd1f elementor-hidden-mobile\" data-id=\"318fd1f\" data-element_type=\"column\">\n\t\t\t<div class=\"elementor-widget-wrap\">\n\t\t\t\t\t\t\t<\/div>\n\t\t<\/div>\n\t\t\t\t\t<\/div>\n\t\t<\/section>\n\t\t\t\t<section class=\"elementor-section elementor-top-section elementor-element elementor-element-948b8aa elementor-section-boxed elementor-section-height-default elementor-section-height-default\" data-id=\"948b8aa\" data-element_type=\"section\" data-settings=\"{&quot;jet_parallax_layout_list&quot;:[],&quot;background_background&quot;:&quot;classic&quot;,&quot;_ha_eqh_enable&quot;:false}\">\n\t\t\t\t\t\t<div class=\"elementor-container elementor-column-gap-default\">\n\t\t\t\t\t<div class=\"elementor-column elementor-col-33 elementor-top-column elementor-element elementor-element-1b7948d\" data-id=\"1b7948d\" data-element_type=\"column\">\n\t\t\t<div class=\"elementor-widget-wrap elementor-element-populated\">\n\t\t\t\t\t\t<div class=\"elementor-element elementor-element-1e3e353 elementor-view-default elementor-position-top elementor-mobile-position-top ha-has-bg-overlay elementor-widget elementor-widget-icon-box\" data-id=\"1e3e353\" data-element_type=\"widget\" data-widget_type=\"icon-box.default\">\n\t\t\t\t<div class=\"elementor-widget-container\">\n\t\t\t\t\t\t\t<div class=\"elementor-icon-box-wrapper\">\n\n\t\t\t\t\t\t<div class=\"elementor-icon-box-icon\">\n\t\t\t\t<span  class=\"elementor-icon elementor-animation-\">\n\t\t\t\t<i aria-hidden=\"true\" class=\"hm hm-card\"><\/i>\t\t\t\t<\/span>\n\t\t\t<\/div>\n\t\t\t\n\t\t\t\t\t\t<div class=\"elementor-icon-box-content\">\n\n\t\t\t\t\t\t\t\t\t<h3 class=\"elementor-icon-box-title\">\n\t\t\t\t\t\t<span  >\n\t\t\t\t\t\t\tTarjetas de Presentaci\u00f3n\t\t\t\t\t\t<\/span>\n\t\t\t\t\t<\/h3>\n\t\t\t\t\n\t\t\t\t\n\t\t\t<\/div>\n\t\t\t\n\t\t<\/div>\n\t\t\t\t\t\t<\/div>\n\t\t\t\t<\/div>\n\t\t\t\t\t<\/div>\n\t\t<\/div>\n\t\t\t\t<div class=\"elementor-column elementor-col-33 elementor-top-column elementor-element elementor-element-b695deb\" data-id=\"b695deb\" data-element_type=\"column\">\n\t\t\t<div class=\"elementor-widget-wrap elementor-element-populated\">\n\t\t\t\t\t\t<div class=\"elementor-element elementor-element-36e44b6 elementor-view-default elementor-position-top elementor-mobile-position-top ha-has-bg-overlay elementor-widget elementor-widget-icon-box\" data-id=\"36e44b6\" data-element_type=\"widget\" data-widget_type=\"icon-box.default\">\n\t\t\t\t<div class=\"elementor-widget-container\">\n\t\t\t\t\t\t\t<div class=\"elementor-icon-box-wrapper\">\n\n\t\t\t\t\t\t<div class=\"elementor-icon-box-icon\">\n\t\t\t\t<span  class=\"elementor-icon elementor-animation-\">\n\t\t\t\t<i aria-hidden=\"true\" class=\"hm hm-book\"><\/i>\t\t\t\t<\/span>\n\t\t\t<\/div>\n\t\t\t\n\t\t\t\t\t\t<div class=\"elementor-icon-box-content\">\n\n\t\t\t\t\t\t\t\t\t<h3 class=\"elementor-icon-box-title\">\n\t\t\t\t\t\t<span  >\n\t\t\t\t\t\t\tLibros\t\t\t\t\t\t<\/span>\n\t\t\t\t\t<\/h3>\n\t\t\t\t\n\t\t\t\t\n\t\t\t<\/div>\n\t\t\t\n\t\t<\/div>\n\t\t\t\t\t\t<\/div>\n\t\t\t\t<\/div>\n\t\t\t\t\t<\/div>\n\t\t<\/div>\n\t\t\t\t<div class=\"elementor-column elementor-col-33 elementor-top-column elementor-element elementor-element-8faef73\" data-id=\"8faef73\" data-element_type=\"column\">\n\t\t\t<div class=\"elementor-widget-wrap elementor-element-populated\">\n\t\t\t\t\t\t<div class=\"elementor-element elementor-element-390310f elementor-view-default elementor-position-top elementor-mobile-position-top ha-has-bg-overlay elementor-widget elementor-widget-icon-box\" data-id=\"390310f\" data-element_type=\"widget\" data-widget_type=\"icon-box.default\">\n\t\t\t\t<div class=\"elementor-widget-container\">\n\t\t\t\t\t\t\t<div class=\"elementor-icon-box-wrapper\">\n\n\t\t\t\t\t\t<div class=\"elementor-icon-box-icon\">\n\t\t\t\t<span  class=\"elementor-icon elementor-animation-\">\n\t\t\t\t<i aria-hidden=\"true\" class=\"hm hm-article\"><\/i>\t\t\t\t<\/span>\n\t\t\t<\/div>\n\t\t\t\n\t\t\t\t\t\t<div class=\"elementor-icon-box-content\">\n\n\t\t\t\t\t\t\t\t\t<h3 class=\"elementor-icon-box-title\">\n\t\t\t\t\t\t<span  >\n\t\t\t\t\t\t\tFormularios\t\t\t\t\t\t<\/span>\n\t\t\t\t\t<\/h3>\n\t\t\t\t\n\t\t\t\t\n\t\t\t<\/div>\n\t\t\t\n\t\t<\/div>\n\t\t\t\t\t\t<\/div>\n\t\t\t\t<\/div>\n\t\t\t\t\t<\/div>\n\t\t<\/div>\n\t\t\t\t\t<\/div>\n\t\t<\/section>\n\t\t\t\t<section class=\"elementor-section elementor-top-section elementor-element elementor-element-431850a elementor-section-height-min-height elementor-section-boxed elementor-section-height-default elementor-section-items-middle\" data-id=\"431850a\" data-element_type=\"section\" data-settings=\"{&quot;jet_parallax_layout_list&quot;:[],&quot;background_background&quot;:&quot;classic&quot;,&quot;_ha_eqh_enable&quot;:false}\">\n\t\t\t\t\t\t\t<div class=\"elementor-background-overlay\"><\/div>\n\t\t\t\t\t\t\t<div class=\"elementor-container elementor-column-gap-default\">\n\t\t\t\t\t<div class=\"elementor-column elementor-col-50 elementor-top-column elementor-element elementor-element-a4c490b elementor-hidden-mobile\" data-id=\"a4c490b\" data-element_type=\"column\">\n\t\t\t<div class=\"elementor-widget-wrap\">\n\t\t\t\t\t\t\t<\/div>\n\t\t<\/div>\n\t\t\t\t<div class=\"elementor-column elementor-col-50 elementor-top-column elementor-element elementor-element-9e71ad2\" data-id=\"9e71ad2\" data-element_type=\"column\">\n\t\t\t<div class=\"elementor-widget-wrap elementor-element-populated\">\n\t\t\t\t\t\t<div class=\"elementor-element elementor-element-239393f elementor-widget elementor-widget-heading\" data-id=\"239393f\" data-element_type=\"widget\" data-widget_type=\"heading.default\">\n\t\t\t\t<div class=\"elementor-widget-container\">\n\t\t\t\t\t<h2 class=\"elementor-heading-title elementor-size-default\">\u00bfQui\u00e9nes Somos?<\/h2>\t\t\t\t<\/div>\n\t\t\t\t<\/div>\n\t\t\t\t<div class=\"elementor-element elementor-element-873ddde elementor-widget elementor-widget-text-editor\" data-id=\"873ddde\" data-element_type=\"widget\" data-widget_type=\"text-editor.default\">\n\t\t\t\t<div class=\"elementor-widget-container\">\n\t\t\t\t\t\t\t\t\t<p>Empresa fundada en el 1980 con m\u00e1s de 40 a\u00f1os de experiencia en la industria gr\u00e1fica. Perteneciente al Grupo Corripio, uno de los m\u00e1s destacados grupos empresariales del pa\u00eds, con m\u00e1s de 30 industrias en diferentes renglones. Nos caracterizamos por el firme compromiso de satisfacer la demanda de impresos en el pa\u00eds y en la regi\u00f3n del Caribe.<\/p>\t\t\t\t\t\t\t\t<\/div>\n\t\t\t\t<\/div>\n\t\t\t\t<div class=\"elementor-element elementor-element-65be9c6 elementor-widget elementor-widget-premium-addon-button\" data-id=\"65be9c6\" data-element_type=\"widget\" data-widget_type=\"premium-addon-button.default\">\n\t\t\t\t<div class=\"elementor-widget-container\">\n\t\t\t\t\t\n\n\t\t<a class=\"premium-button premium-button-style7 premium-btn-lg premium-button-style7-left\" href=\"https:\/\/editoracorripio.com.do\/?page_id=140\">\n\t\t\t<div class=\"premium-button-text-icon-wrapper\">\n\t\t\t\t\n\t\t\t\t\t\t\t\t\t<span >\n\t\t\t\t\t\tAcerca de Nosotros\t\t\t\t\t<\/span>\n\t\t\t\t\n\t\t\t\t\t\t\t<\/div>\n\n\t\t\t\n\t\t\t\n\t\t\t\n\t\t<\/a>\n\n\n\t\t\t\t\t\t<\/div>\n\t\t\t\t<\/div>\n\t\t\t\t\t<\/div>\n\t\t<\/div>\n\t\t\t\t\t<\/div>\n\t\t<\/section>\n\t\t\t\t<section class=\"elementor-section elementor-top-section elementor-element elementor-element-c71303c elementor-section-full_width elementor-section-stretched elementor-section-height-default elementor-section-height-default\" data-id=\"c71303c\" data-element_type=\"section\" data-settings=\"{&quot;stretch_section&quot;:&quot;section-stretched&quot;,&quot;jet_parallax_layout_list&quot;:[],&quot;_ha_eqh_enable&quot;:false}\">\n\t\t\t\t\t\t<div class=\"elementor-container elementor-column-gap-no\">\n\t\t\t\t\t<div class=\"elementor-column elementor-col-50 elementor-top-column elementor-element elementor-element-c23b769\" data-id=\"c23b769\" data-element_type=\"column\" data-settings=\"{&quot;background_background&quot;:&quot;classic&quot;}\">\n\t\t\t<div class=\"elementor-widget-wrap elementor-element-populated\">\n\t\t\t\t\t\t<div class=\"elementor-element elementor-element-fe93109 elementor-widget elementor-widget-heading\" data-id=\"fe93109\" data-element_type=\"widget\" data-widget_type=\"heading.default\">\n\t\t\t\t<div class=\"elementor-widget-container\">\n\t\t\t\t\t<h3 class=\"elementor-heading-title elementor-size-default\">Estamos dedicados a tres renglones de producci\u00f3n<\/h3>\t\t\t\t<\/div>\n\t\t\t\t<\/div>\n\t\t\t\t<div class=\"elementor-element elementor-element-ff91926 elementor-align-left elementor-icon-list--layout-traditional elementor-list-item-link-full_width elementor-widget elementor-widget-icon-list\" data-id=\"ff91926\" data-element_type=\"widget\" data-widget_type=\"icon-list.default\">\n\t\t\t\t<div class=\"elementor-widget-container\">\n\t\t\t\t\t\t\t<ul class=\"elementor-icon-list-items\">\n\t\t\t\t\t\t\t<li class=\"elementor-icon-list-item\">\n\t\t\t\t\t\t\t\t\t\t\t<span class=\"elementor-icon-list-icon\">\n\t\t\t\t\t\t\t<i aria-hidden=\"true\" class=\"hm hm-imac\"><\/i>\t\t\t\t\t\t<\/span>\n\t\t\t\t\t\t\t\t\t\t<span class=\"elementor-icon-list-text\">Artes Gr\u00e1ficas en General<\/span>\n\t\t\t\t\t\t\t\t\t<\/li>\n\t\t\t\t\t\t\t\t<li class=\"elementor-icon-list-item\">\n\t\t\t\t\t\t\t\t\t\t\t<span class=\"elementor-icon-list-icon\">\n\t\t\t\t\t\t\t<i aria-hidden=\"true\" class=\"hm hm-book\"><\/i>\t\t\t\t\t\t<\/span>\n\t\t\t\t\t\t\t\t\t\t<span class=\"elementor-icon-list-text\">Cuadernos<\/span>\n\t\t\t\t\t\t\t\t\t<\/li>\n\t\t\t\t\t\t\t\t<li class=\"elementor-icon-list-item\">\n\t\t\t\t\t\t\t\t\t\t\t<span class=\"elementor-icon-list-icon\">\n\t\t\t\t\t\t\t<i aria-hidden=\"true\" class=\"hm hm-unfold-paper\"><\/i>\t\t\t\t\t\t<\/span>\n\t\t\t\t\t\t\t\t\t\t<span class=\"elementor-icon-list-text\">Producci\u00f3n de Papel Xerogr\u00e1fico<\/span>\n\t\t\t\t\t\t\t\t\t<\/li>\n\t\t\t\t\t\t<\/ul>\n\t\t\t\t\t\t<\/div>\n\t\t\t\t<\/div>\n\t\t\t\t\t<\/div>\n\t\t<\/div>\n\t\t\t\t<div class=\"elementor-column elementor-col-50 elementor-top-column elementor-element elementor-element-06a3188\" data-id=\"06a3188\" data-element_type=\"column\" data-settings=\"{&quot;background_background&quot;:&quot;classic&quot;}\">\n\t\t\t<div class=\"elementor-widget-wrap elementor-element-populated\">\n\t\t\t\t\t\t<div class=\"elementor-element elementor-element-eb60186 elementor-widget elementor-widget-spacer\" data-id=\"eb60186\" data-element_type=\"widget\" data-widget_type=\"spacer.default\">\n\t\t\t\t<div class=\"elementor-widget-container\">\n\t\t\t\t\t\t\t<div class=\"elementor-spacer\">\n\t\t\t<div class=\"elementor-spacer-inner\"><\/div>\n\t\t<\/div>\n\t\t\t\t\t\t<\/div>\n\t\t\t\t<\/div>\n\t\t\t\t\t<\/div>\n\t\t<\/div>\n\t\t\t\t\t<\/div>\n\t\t<\/section>\n\t\t\t\t<\/div>\n\t\t","protected":false},"excerpt":{"rendered":"<p>Impresi\u00f3n que prestigia al pa\u00eds Es nuestro objetivo ser una empresa prestigiosa en su rama. Tener orgullo de nuestro trabajo y de nuestros clientes. Haz tu cotizaci\u00f3n Tarjetas de Presentaci\u00f3n Libros Formularios \u00bfQui\u00e9nes Somos? Empresa fundada en el 1980 con m\u00e1s de 40 a\u00f1os de experiencia en la industria gr\u00e1fica. Perteneciente al Grupo Corripio, uno [&hellip;]<\/p>\n","protected":false},"author":20,"featured_media":479,"parent":0,"menu_order":0,"comment_status":"closed","ping_status":"closed","template":"","meta":{"_monsterinsights_skip_tracking":false,"_monsterinsights_sitenote_active":false,"_monsterinsights_sitenote_note":"","_monsterinsights_sitenote_category":0,"footnotes":""},"yoast_head":"<!-- This site is optimized with the Yoast SEO plugin v24.2 - https:\/\/yoast.com\/wordpress\/plugins\/seo\/ -->\n<title>Editora Corripio, S.A.S - Impresi\u00f3n que prestigia al pa\u00eds<\/title>\n<meta name=\"description\" content=\"En Editora Corripio, es nuestro objetivo ser una empresa prestigiosa en su rama. Tener orgullo de nuestro trabajo y de nuestros clientes.\" \/>\n<meta name=\"robots\" content=\"index, follow, max-snippet:-1, max-image-preview:large, max-video-preview:-1\" \/>\n<link rel=\"canonical\" href=\"https:\/\/editoracorripio.com.do\/\" \/>\n<meta property=\"og:locale\" content=\"es_ES\" \/>\n<meta property=\"og:type\" content=\"article\" \/>\n<meta property=\"og:title\" content=\"Editora Corripio, S.A.S - Impresi\u00f3n que prestigia al pa\u00eds\" \/>\n<meta property=\"og:description\" content=\"En Editora Corripio, es nuestro objetivo ser una empresa prestigiosa en su rama. Tener orgullo de nuestro trabajo y de nuestros clientes.\" \/>\n<meta property=\"og:url\" content=\"https:\/\/editoracorripio.com.do\/\" \/>\n<meta property=\"og:site_name\" content=\"Editora Corripio, S.A.S\" \/>\n<meta property=\"article:modified_time\" content=\"2022-11-01T19:10:41+00:00\" \/>\n<meta property=\"og:image\" content=\"https:\/\/editoracorripio.com.do\/wp-content\/uploads\/2022\/08\/brand.jpg\" \/>\n\t<meta property=\"og:image:width\" content=\"1126\" \/>\n\t<meta property=\"og:image:height\" content=\"192\" \/>\n\t<meta property=\"og:image:type\" content=\"image\/jpeg\" \/>\n<meta name=\"twitter:card\" content=\"summary_large_image\" \/>\n<meta name=\"twitter:title\" content=\"Editora Corripio, S.A.S - Impresi\u00f3n que prestigia al pa\u00eds\" \/>\n<meta name=\"twitter:description\" content=\"En Editora Corripio, es nuestro objetivo ser una empresa prestigiosa en su rama. Tener orgullo de nuestro trabajo y de nuestros clientes.\" \/>\n<meta name=\"twitter:image\" content=\"https:\/\/editoracorripio.com.do\/wp-content\/uploads\/2022\/08\/brand.jpg\" \/>\n<meta name=\"twitter:label1\" content=\"Tiempo de lectura\" \/>\n\t<meta name=\"twitter:data1\" content=\"1 minuto\" \/>\n<script type=\"application\/ld+json\" class=\"yoast-schema-graph\">{\"@context\":\"https:\/\/schema.org\",\"@graph\":[{\"@type\":\"WebPage\",\"@id\":\"https:\/\/editoracorripio.com.do\/\",\"url\":\"https:\/\/editoracorripio.com.do\/\",\"name\":\"Editora Corripio, S.A.S - Impresi\u00f3n que prestigia al pa\u00eds\",\"isPartOf\":{\"@id\":\"https:\/\/editoracorripio.com.do\/#website\"},\"primaryImageOfPage\":{\"@id\":\"https:\/\/editoracorripio.com.do\/#primaryimage\"},\"image\":{\"@id\":\"https:\/\/editoracorripio.com.do\/#primaryimage\"},\"thumbnailUrl\":\"https:\/\/editoracorripio.com.do\/wp-content\/uploads\/2022\/09\/favicon.png\",\"datePublished\":\"2022-08-02T13:20:11+00:00\",\"dateModified\":\"2022-11-01T19:10:41+00:00\",\"description\":\"En Editora Corripio, es nuestro objetivo ser una empresa prestigiosa en su rama. Tener orgullo de nuestro trabajo y de nuestros clientes.\",\"breadcrumb\":{\"@id\":\"https:\/\/editoracorripio.com.do\/#breadcrumb\"},\"inLanguage\":\"es\",\"potentialAction\":[{\"@type\":\"ReadAction\",\"target\":[\"https:\/\/editoracorripio.com.do\/\"]}]},{\"@type\":\"ImageObject\",\"inLanguage\":\"es\",\"@id\":\"https:\/\/editoracorripio.com.do\/#primaryimage\",\"url\":\"https:\/\/editoracorripio.com.do\/wp-content\/uploads\/2022\/09\/favicon.png\",\"contentUrl\":\"https:\/\/editoracorripio.com.do\/wp-content\/uploads\/2022\/09\/favicon.png\",\"width\":177,\"height\":201},{\"@type\":\"BreadcrumbList\",\"@id\":\"https:\/\/editoracorripio.com.do\/#breadcrumb\",\"itemListElement\":[{\"@type\":\"ListItem\",\"position\":1,\"name\":\"Home\",\"item\":\"https:\/\/editoracorripio.com.do\/\"},{\"@type\":\"ListItem\",\"position\":2,\"name\":\"Inicio\"}]},{\"@type\":\"WebSite\",\"@id\":\"https:\/\/editoracorripio.com.do\/#website\",\"url\":\"https:\/\/editoracorripio.com.do\/\",\"name\":\"Editora Corripio, S.A.S\",\"description\":\"\",\"potentialAction\":[{\"@type\":\"SearchAction\",\"target\":{\"@type\":\"EntryPoint\",\"urlTemplate\":\"https:\/\/editoracorripio.com.do\/?s={search_term_string}\"},\"query-input\":{\"@type\":\"PropertyValueSpecification\",\"valueRequired\":true,\"valueName\":\"search_term_string\"}}],\"inLanguage\":\"es\"}]}<\/script>\n<!-- \/ Yoast SEO plugin. -->","yoast_head_json":{"title":"Editora Corripio, S.A.S - Impresi\u00f3n que prestigia al pa\u00eds","description":"En Editora Corripio, es nuestro objetivo ser una empresa prestigiosa en su rama. Tener orgullo de nuestro trabajo y de nuestros clientes.","robots":{"index":"index","follow":"follow","max-snippet":"max-snippet:-1","max-image-preview":"max-image-preview:large","max-video-preview":"max-video-preview:-1"},"canonical":"https:\/\/editoracorripio.com.do\/","og_locale":"es_ES","og_type":"article","og_title":"Editora Corripio, S.A.S - Impresi\u00f3n que prestigia al pa\u00eds","og_description":"En Editora Corripio, es nuestro objetivo ser una empresa prestigiosa en su rama. Tener orgullo de nuestro trabajo y de nuestros clientes.","og_url":"https:\/\/editoracorripio.com.do\/","og_site_name":"Editora Corripio, S.A.S","article_modified_time":"2022-11-01T19:10:41+00:00","og_image":[{"width":1126,"height":192,"url":"https:\/\/editoracorripio.com.do\/wp-content\/uploads\/2022\/08\/brand.jpg","type":"image\/jpeg"}],"twitter_card":"summary_large_image","twitter_title":"Editora Corripio, S.A.S - Impresi\u00f3n que prestigia al pa\u00eds","twitter_description":"En Editora Corripio, es nuestro objetivo ser una empresa prestigiosa en su rama. Tener orgullo de nuestro trabajo y de nuestros clientes.","twitter_image":"https:\/\/editoracorripio.com.do\/wp-content\/uploads\/2022\/08\/brand.jpg","twitter_misc":{"Tiempo de lectura":"1 minuto"},"schema":{"@context":"https:\/\/schema.org","@graph":[{"@type":"WebPage","@id":"https:\/\/editoracorripio.com.do\/","url":"https:\/\/editoracorripio.com.do\/","name":"Editora Corripio, S.A.S - Impresi\u00f3n que prestigia al pa\u00eds","isPartOf":{"@id":"https:\/\/editoracorripio.com.do\/#website"},"primaryImageOfPage":{"@id":"https:\/\/editoracorripio.com.do\/#primaryimage"},"image":{"@id":"https:\/\/editoracorripio.com.do\/#primaryimage"},"thumbnailUrl":"https:\/\/editoracorripio.com.do\/wp-content\/uploads\/2022\/09\/favicon.png","datePublished":"2022-08-02T13:20:11+00:00","dateModified":"2022-11-01T19:10:41+00:00","description":"En Editora Corripio, es nuestro objetivo ser una empresa prestigiosa en su rama. Tener orgullo de nuestro trabajo y de nuestros clientes.","breadcrumb":{"@id":"https:\/\/editoracorripio.com.do\/#breadcrumb"},"inLanguage":"es","potentialAction":[{"@type":"ReadAction","target":["https:\/\/editoracorripio.com.do\/"]}]},{"@type":"ImageObject","inLanguage":"es","@id":"https:\/\/editoracorripio.com.do\/#primaryimage","url":"https:\/\/editoracorripio.com.do\/wp-content\/uploads\/2022\/09\/favicon.png","contentUrl":"https:\/\/editoracorripio.com.do\/wp-content\/uploads\/2022\/09\/favicon.png","width":177,"height":201},{"@type":"BreadcrumbList","@id":"https:\/\/editoracorripio.com.do\/#breadcrumb","itemListElement":[{"@type":"ListItem","position":1,"name":"Home","item":"https:\/\/editoracorripio.com.do\/"},{"@type":"ListItem","position":2,"name":"Inicio"}]},{"@type":"WebSite","@id":"https:\/\/editoracorripio.com.do\/#website","url":"https:\/\/editoracorripio.com.do\/","name":"Editora Corripio, S.A.S","description":"","potentialAction":[{"@type":"SearchAction","target":{"@type":"EntryPoint","urlTemplate":"https:\/\/editoracorripio.com.do\/?s={search_term_string}"},"query-input":{"@type":"PropertyValueSpecification","valueRequired":true,"valueName":"search_term_string"}}],"inLanguage":"es"}]}},"_links":{"self":[{"href":"https:\/\/editoracorripio.com.do\/index.php?rest_route=\/wp\/v2\/pages\/20"}],"collection":[{"href":"https:\/\/editoracorripio.com.do\/index.php?rest_route=\/wp\/v2\/pages"}],"about":[{"href":"https:\/\/editoracorripio.com.do\/index.php?rest_route=\/wp\/v2\/types\/page"}],"author":[{"embeddable":true,"href":"https:\/\/editoracorripio.com.do\/index.php?rest_route=\/wp\/v2\/users\/20"}],"replies":[{"embeddable":true,"href":"https:\/\/editoracorripio.com.do\/index.php?rest_route=%2Fwp%2Fv2%2Fcomments&post=20"}],"version-history":[{"count":0,"href":"https:\/\/editoracorripio.com.do\/index.php?rest_route=\/wp\/v2\/pages\/20\/revisions"}],"wp:featuredmedia":[{"embeddable":true,"href":"https:\/\/editoracorripio.com.do\/index.php?rest_route=\/wp\/v2\/media\/479"}],"wp:attachment":[{"href":"https:\/\/editoracorripio.com.do\/index.php?rest_route=%2Fwp%2Fv2%2Fmedia&parent=20"}],"curies":[{"name":"wp","href":"https:\/\/api.w.org\/{rel}","templated":true}]}}