{"id":737,"date":"2022-10-10T13:53:28","date_gmt":"2022-10-10T13:53:28","guid":{"rendered":"https:\/\/editoracorripio.com.do\/editoracorripio\/?page_id=737"},"modified":"2022-11-01T19:19:58","modified_gmt":"2022-11-01T19:19:58","slug":"cotiza","status":"publish","type":"page","link":"https:\/\/editoracorripio.com.do\/?page_id=737","title":{"rendered":"Cotiza"},"content":{"rendered":"\t\t<div data-elementor-type=\"wp-page\" data-elementor-id=\"737\" class=\"elementor elementor-737\" data-elementor-settings=\"{&quot;ha_cmc_init_switcher&quot;:&quot;no&quot;}\">\n\t\t\t\t\t\t<section class=\"elementor-section elementor-top-section elementor-element elementor-element-4653932 elementor-section-height-min-height elementor-section-boxed elementor-section-height-default elementor-section-items-middle\" data-id=\"4653932\" data-element_type=\"section\" data-settings=\"{&quot;jet_parallax_layout_list&quot;:[],&quot;background_background&quot;:&quot;classic&quot;,&quot;_ha_eqh_enable&quot;:false}\">\n\t\t\t\t\t\t\t<div class=\"elementor-background-overlay\"><\/div>\n\t\t\t\t\t\t\t<div class=\"elementor-container elementor-column-gap-default\">\n\t\t\t\t\t<div class=\"elementor-column elementor-col-100 elementor-top-column elementor-element elementor-element-b2e3b6f\" data-id=\"b2e3b6f\" data-element_type=\"column\">\n\t\t\t<div class=\"elementor-widget-wrap elementor-element-populated\">\n\t\t\t\t\t\t<div class=\"elementor-element elementor-element-4899b97 elementor-widget elementor-widget-heading\" data-id=\"4899b97\" data-element_type=\"widget\" data-widget_type=\"heading.default\">\n\t\t\t\t<div class=\"elementor-widget-container\">\n\t\t\t\t\t<h2 class=\"elementor-heading-title elementor-size-default\">Cotiza<\/h2>\t\t\t\t<\/div>\n\t\t\t\t<\/div>\n\t\t\t\t\t<\/div>\n\t\t<\/div>\n\t\t\t\t\t<\/div>\n\t\t<\/section>\n\t\t\t\t<section class=\"elementor-section elementor-top-section elementor-element elementor-element-91723b9 elementor-section-boxed elementor-section-height-default elementor-section-height-default\" data-id=\"91723b9\" data-element_type=\"section\" data-settings=\"{&quot;jet_parallax_layout_list&quot;:[],&quot;_ha_eqh_enable&quot;:false}\">\n\t\t\t\t\t\t<div class=\"elementor-container elementor-column-gap-default\">\n\t\t\t\t\t<div class=\"elementor-column elementor-col-100 elementor-top-column elementor-element elementor-element-b5962e3\" data-id=\"b5962e3\" data-element_type=\"column\">\n\t\t\t<div class=\"elementor-widget-wrap elementor-element-populated\">\n\t\t\t\t\t\t<div class=\"elementor-element elementor-element-ca2ccc2 elementor-widget elementor-widget-heading\" data-id=\"ca2ccc2\" data-element_type=\"widget\" data-widget_type=\"heading.default\">\n\t\t\t\t<div class=\"elementor-widget-container\">\n\t\t\t\t\t<h2 class=\"elementor-heading-title elementor-size-default\">Realiza tu cotizaci\u00f3n<\/h2>\t\t\t\t<\/div>\n\t\t\t\t<\/div>\n\t\t\t\t<div class=\"elementor-element elementor-element-9856db9 ha-form-btn--left elementor-widget elementor-widget-ha-wpform happy-addon ha-wpform\" data-id=\"9856db9\" data-element_type=\"widget\" data-widget_type=\"ha-wpform.default\">\n\t\t\t\t<div class=\"elementor-widget-container\">\n\t\t\t\t\t<div class=\"wpforms-container wpforms-container-full\" id=\"wpforms-740\"><form id=\"wpforms-form-740\" class=\"wpforms-validate wpforms-form wpforms-ajax-form\" data-formid=\"740\" method=\"post\" enctype=\"multipart\/form-data\" action=\"\/index.php?rest_route=%2Fwp%2Fv2%2Fpages%2F737\" data-token=\"fe07876f1121e4892c99ad433c9c1757\" data-token-time=\"1777654442\"><noscript class=\"wpforms-error-noscript\">Por favor, activa JavaScript en tu navegador para completar este formulario.<\/noscript><div class=\"wpforms-field-container\"><div id=\"wpforms-740-field_1-container\" class=\"wpforms-field wpforms-field-name\" data-field-id=\"1\"><label class=\"wpforms-field-label wpforms-label-hide\" for=\"wpforms-740-field_1\">Nombre <span class=\"wpforms-required-label\">*<\/span><\/label><input type=\"text\" id=\"wpforms-740-field_1\" class=\"wpforms-field-large wpforms-field-required\" name=\"wpforms[fields][1]\" placeholder=\"Nombre\" required><\/div><div id=\"wpforms-740-field_4-container\" class=\"wpforms-field wpforms-field-text\" data-field-id=\"4\"><label class=\"wpforms-field-label wpforms-label-hide\" for=\"wpforms-740-field_4\">Tel\u00e9fono<\/label><input type=\"text\" id=\"wpforms-740-field_4\" class=\"wpforms-field-large wpforms-masked-input\" data-rule-inputmask-incomplete=\"1\" data-inputmask-mask=\"999-999-9999\" name=\"wpforms[fields][4]\" placeholder=\"Tel\u00e9fono\" ><\/div><div id=\"wpforms-740-field_6-container\" class=\"wpforms-field wpforms-field-number\" data-field-id=\"6\"><label class=\"wpforms-field-label wpforms-label-hide\" for=\"wpforms-740-field_6\">RNC <span class=\"wpforms-required-label\">*<\/span><\/label><input type=\"number\" id=\"wpforms-740-field_6\" class=\"wpforms-field-large wpforms-field-required\" name=\"wpforms[fields][6]\" placeholder=\"RNC\" required><\/div><div id=\"wpforms-740-field_7-container\" class=\"wpforms-field wpforms-field-text\" data-field-id=\"7\"><label class=\"wpforms-field-label wpforms-label-hide\" for=\"wpforms-740-field_7\">Persona de Contacto<\/label><input type=\"text\" id=\"wpforms-740-field_7\" class=\"wpforms-field-large\" name=\"wpforms[fields][7]\" value=\"Persona de Contacto\" ><\/div><div id=\"wpforms-740-field_8-container\" class=\"wpforms-field wpforms-field-select wpforms-field-select-style-classic\" data-field-id=\"8\"><label class=\"wpforms-field-label wpforms-label-hide\" for=\"wpforms-740-field_8\">Producto a Cotizar <span class=\"wpforms-required-label\">*<\/span><\/label><select id=\"wpforms-740-field_8\" class=\"wpforms-field-large wpforms-field-required\" name=\"wpforms[fields][8]\" required=\"required\"><option value=\"\" class=\"placeholder\" disabled  selected='selected'>Productos a Cotizar<\/option><option value=\"Libros\" >Libros<\/option><option value=\"Revistas\" >Revistas<\/option><option value=\"Encarta y Afiches\" >Encarta y Afiches<\/option><option value=\"Formularios\" >Formularios<\/option><option value=\"Etiquetas\" >Etiquetas<\/option><option value=\"Cuadernos\" >Cuadernos<\/option><option value=\"Papel Xerogr\u00e1fico\" >Papel Xerogr\u00e1fico<\/option><\/select><\/div><div id=\"wpforms-740-field_5-container\" class=\"wpforms-field wpforms-field-textarea\" data-field-id=\"5\"><label class=\"wpforms-field-label wpforms-label-hide\" for=\"wpforms-740-field_5\">Descripci\u00f3n de su Cotizaci\u00f3n <span class=\"wpforms-required-label\">*<\/span><\/label><textarea id=\"wpforms-740-field_5\" class=\"wpforms-field-large wpforms-field-required\" name=\"wpforms[fields][5]\" placeholder=\"Mensaje\" required><\/textarea><\/div><\/div><!-- .wpforms-field-container --><div class=\"wpforms-recaptcha-container wpforms-is-recaptcha wpforms-is-recaptcha-type-v2\" ><div class=\"g-recaptcha\" data-sitekey=\"6LcX3KkqAAAAAJcmQUCeO6VFKzX1R543I8vpz5OD\"><\/div><input type=\"text\" name=\"g-recaptcha-hidden\" class=\"wpforms-recaptcha-hidden\" style=\"position:absolute!important;clip:rect(0,0,0,0)!important;height:1px!important;width:1px!important;border:0!important;overflow:hidden!important;padding:0!important;margin:0!important;\" data-rule-recaptcha=\"1\"><\/div><div class=\"wpforms-submit-container\" ><input type=\"hidden\" name=\"wpforms[id]\" value=\"740\"><input type=\"hidden\" name=\"page_title\" value=\"\"><input type=\"hidden\" name=\"page_url\" value=\"https:\/\/editoracorripio.com.do\/index.php?rest_route=%2Fwp%2Fv2%2Fpages%2F737\"><button type=\"submit\" name=\"wpforms[submit]\" id=\"wpforms-submit-740\" class=\"wpforms-submit\" data-alt-text=\"Enviando...\" data-submit-text=\"Enviar\" aria-live=\"assertive\" value=\"wpforms-submit\">Enviar<\/button><img decoding=\"async\" src=\"https:\/\/editoracorripio.com.do\/wp-content\/plugins\/wpforms-lite\/assets\/images\/submit-spin.svg\" class=\"wpforms-submit-spinner\" style=\"display: none;\" width=\"26\" height=\"26\" alt=\"Cargando\"><\/div><\/form><\/div>  <!-- .wpforms-container -->\t\t\t\t<\/div>\n\t\t\t\t<\/div>\n\t\t\t\t\t<\/div>\n\t\t<\/div>\n\t\t\t\t\t<\/div>\n\t\t<\/section>\n\t\t\t\t<\/div>\n\t\t","protected":false},"excerpt":{"rendered":"<p>Cotiza Realiza tu cotizaci\u00f3n Por favor, activa JavaScript en tu navegador para completar este formulario.Nombre *Tel\u00e9fonoRNC *Persona de ContactoProducto a Cotizar *Productos a CotizarLibrosRevistasEncarta y AfichesFormulariosEtiquetasCuadernosPapel Xerogr\u00e1ficoDescripci\u00f3n de su Cotizaci\u00f3n * Enviar<\/p>\n","protected":false},"author":20,"featured_media":0,"parent":0,"menu_order":0,"comment_status":"closed","ping_status":"closed","template":"elementor_header_footer","meta":{"_monsterinsights_skip_tracking":false,"_monsterinsights_sitenote_active":false,"_monsterinsights_sitenote_note":"","_monsterinsights_sitenote_category":0,"footnotes":""},"yoast_head":"<!-- This site is optimized with the Yoast SEO plugin v24.2 - https:\/\/yoast.com\/wordpress\/plugins\/seo\/ -->\n<title>Cotiza - Editora Corripio, S.A.S<\/title>\n<meta name=\"robots\" content=\"index, follow, max-snippet:-1, max-image-preview:large, max-video-preview:-1\" \/>\n<link rel=\"canonical\" href=\"https:\/\/editoracorripio.com.do\/?page_id=737\" \/>\n<meta property=\"og:locale\" content=\"es_ES\" \/>\n<meta property=\"og:type\" content=\"article\" \/>\n<meta property=\"og:title\" content=\"Cotiza - Editora Corripio, S.A.S\" \/>\n<meta property=\"og:description\" content=\"Cotiza Realiza tu cotizaci\u00f3n Por favor, activa JavaScript en tu navegador para completar este formulario.Nombre *Tel\u00e9fonoRNC *Persona de ContactoProducto a Cotizar *Productos a CotizarLibrosRevistasEncarta y AfichesFormulariosEtiquetasCuadernosPapel Xerogr\u00e1ficoDescripci\u00f3n de su Cotizaci\u00f3n * Enviar\" \/>\n<meta property=\"og:url\" content=\"https:\/\/editoracorripio.com.do\/?page_id=737\" \/>\n<meta property=\"og:site_name\" content=\"Editora Corripio, S.A.S\" \/>\n<meta property=\"article:modified_time\" content=\"2022-11-01T19:19:58+00:00\" \/>\n<meta property=\"og:image\" content=\"https:\/\/editoracorripio.com.do\/wp-content\/plugins\/wpforms-lite\/assets\/images\/submit-spin.svg\" \/>\n<meta name=\"twitter:card\" content=\"summary_large_image\" \/>\n<meta name=\"twitter:label1\" content=\"Tiempo de lectura\" \/>\n\t<meta name=\"twitter:data1\" content=\"1 minuto\" \/>\n<script type=\"application\/ld+json\" class=\"yoast-schema-graph\">{\"@context\":\"https:\/\/schema.org\",\"@graph\":[{\"@type\":\"WebPage\",\"@id\":\"https:\/\/editoracorripio.com.do\/?page_id=737\",\"url\":\"https:\/\/editoracorripio.com.do\/?page_id=737\",\"name\":\"Cotiza - Editora Corripio, S.A.S\",\"isPartOf\":{\"@id\":\"https:\/\/editoracorripio.com.do\/#website\"},\"primaryImageOfPage\":{\"@id\":\"https:\/\/editoracorripio.com.do\/?page_id=737#primaryimage\"},\"image\":{\"@id\":\"https:\/\/editoracorripio.com.do\/?page_id=737#primaryimage\"},\"thumbnailUrl\":\"https:\/\/editoracorripio.com.do\/wp-content\/plugins\/wpforms-lite\/assets\/images\/submit-spin.svg\",\"datePublished\":\"2022-10-10T13:53:28+00:00\",\"dateModified\":\"2022-11-01T19:19:58+00:00\",\"breadcrumb\":{\"@id\":\"https:\/\/editoracorripio.com.do\/?page_id=737#breadcrumb\"},\"inLanguage\":\"es\",\"potentialAction\":[{\"@type\":\"ReadAction\",\"target\":[\"https:\/\/editoracorripio.com.do\/?page_id=737\"]}]},{\"@type\":\"ImageObject\",\"inLanguage\":\"es\",\"@id\":\"https:\/\/editoracorripio.com.do\/?page_id=737#primaryimage\",\"url\":\"https:\/\/editoracorripio.com.do\/wp-content\/plugins\/wpforms-lite\/assets\/images\/submit-spin.svg\",\"contentUrl\":\"https:\/\/editoracorripio.com.do\/wp-content\/plugins\/wpforms-lite\/assets\/images\/submit-spin.svg\"},{\"@type\":\"BreadcrumbList\",\"@id\":\"https:\/\/editoracorripio.com.do\/?page_id=737#breadcrumb\",\"itemListElement\":[{\"@type\":\"ListItem\",\"position\":1,\"name\":\"Home\",\"item\":\"https:\/\/editoracorripio.com.do\/\"},{\"@type\":\"ListItem\",\"position\":2,\"name\":\"Cotiza\"}]},{\"@type\":\"WebSite\",\"@id\":\"https:\/\/editoracorripio.com.do\/#website\",\"url\":\"https:\/\/editoracorripio.com.do\/\",\"name\":\"Editora Corripio, S.A.S\",\"description\":\"\",\"potentialAction\":[{\"@type\":\"SearchAction\",\"target\":{\"@type\":\"EntryPoint\",\"urlTemplate\":\"https:\/\/editoracorripio.com.do\/?s={search_term_string}\"},\"query-input\":{\"@type\":\"PropertyValueSpecification\",\"valueRequired\":true,\"valueName\":\"search_term_string\"}}],\"inLanguage\":\"es\"}]}<\/script>\n<!-- \/ Yoast SEO plugin. -->","yoast_head_json":{"title":"Cotiza - Editora Corripio, S.A.S","robots":{"index":"index","follow":"follow","max-snippet":"max-snippet:-1","max-image-preview":"max-image-preview:large","max-video-preview":"max-video-preview:-1"},"canonical":"https:\/\/editoracorripio.com.do\/?page_id=737","og_locale":"es_ES","og_type":"article","og_title":"Cotiza - Editora Corripio, S.A.S","og_description":"Cotiza Realiza tu cotizaci\u00f3n Por favor, activa JavaScript en tu navegador para completar este formulario.Nombre *Tel\u00e9fonoRNC *Persona de ContactoProducto a Cotizar *Productos a CotizarLibrosRevistasEncarta y AfichesFormulariosEtiquetasCuadernosPapel Xerogr\u00e1ficoDescripci\u00f3n de su Cotizaci\u00f3n * Enviar","og_url":"https:\/\/editoracorripio.com.do\/?page_id=737","og_site_name":"Editora Corripio, S.A.S","article_modified_time":"2022-11-01T19:19:58+00:00","og_image":[{"url":"https:\/\/editoracorripio.com.do\/wp-content\/plugins\/wpforms-lite\/assets\/images\/submit-spin.svg","type":"","width":"","height":""}],"twitter_card":"summary_large_image","twitter_misc":{"Tiempo de lectura":"1 minuto"},"schema":{"@context":"https:\/\/schema.org","@graph":[{"@type":"WebPage","@id":"https:\/\/editoracorripio.com.do\/?page_id=737","url":"https:\/\/editoracorripio.com.do\/?page_id=737","name":"Cotiza - Editora Corripio, S.A.S","isPartOf":{"@id":"https:\/\/editoracorripio.com.do\/#website"},"primaryImageOfPage":{"@id":"https:\/\/editoracorripio.com.do\/?page_id=737#primaryimage"},"image":{"@id":"https:\/\/editoracorripio.com.do\/?page_id=737#primaryimage"},"thumbnailUrl":"https:\/\/editoracorripio.com.do\/wp-content\/plugins\/wpforms-lite\/assets\/images\/submit-spin.svg","datePublished":"2022-10-10T13:53:28+00:00","dateModified":"2022-11-01T19:19:58+00:00","breadcrumb":{"@id":"https:\/\/editoracorripio.com.do\/?page_id=737#breadcrumb"},"inLanguage":"es","potentialAction":[{"@type":"ReadAction","target":["https:\/\/editoracorripio.com.do\/?page_id=737"]}]},{"@type":"ImageObject","inLanguage":"es","@id":"https:\/\/editoracorripio.com.do\/?page_id=737#primaryimage","url":"https:\/\/editoracorripio.com.do\/wp-content\/plugins\/wpforms-lite\/assets\/images\/submit-spin.svg","contentUrl":"https:\/\/editoracorripio.com.do\/wp-content\/plugins\/wpforms-lite\/assets\/images\/submit-spin.svg"},{"@type":"BreadcrumbList","@id":"https:\/\/editoracorripio.com.do\/?page_id=737#breadcrumb","itemListElement":[{"@type":"ListItem","position":1,"name":"Home","item":"https:\/\/editoracorripio.com.do\/"},{"@type":"ListItem","position":2,"name":"Cotiza"}]},{"@type":"WebSite","@id":"https:\/\/editoracorripio.com.do\/#website","url":"https:\/\/editoracorripio.com.do\/","name":"Editora Corripio, S.A.S","description":"","potentialAction":[{"@type":"SearchAction","target":{"@type":"EntryPoint","urlTemplate":"https:\/\/editoracorripio.com.do\/?s={search_term_string}"},"query-input":{"@type":"PropertyValueSpecification","valueRequired":true,"valueName":"search_term_string"}}],"inLanguage":"es"}]}},"_links":{"self":[{"href":"https:\/\/editoracorripio.com.do\/index.php?rest_route=\/wp\/v2\/pages\/737"}],"collection":[{"href":"https:\/\/editoracorripio.com.do\/index.php?rest_route=\/wp\/v2\/pages"}],"about":[{"href":"https:\/\/editoracorripio.com.do\/index.php?rest_route=\/wp\/v2\/types\/page"}],"author":[{"embeddable":true,"href":"https:\/\/editoracorripio.com.do\/index.php?rest_route=\/wp\/v2\/users\/20"}],"replies":[{"embeddable":true,"href":"https:\/\/editoracorripio.com.do\/index.php?rest_route=%2Fwp%2Fv2%2Fcomments&post=737"}],"version-history":[{"count":0,"href":"https:\/\/editoracorripio.com.do\/index.php?rest_route=\/wp\/v2\/pages\/737\/revisions"}],"wp:attachment":[{"href":"https:\/\/editoracorripio.com.do\/index.php?rest_route=%2Fwp%2Fv2%2Fmedia&parent=737"}],"curies":[{"name":"wp","href":"https:\/\/api.w.org\/{rel}","templated":true}]}}